{"id":120,"date":"2018-12-18T22:36:06","date_gmt":"2018-12-18T22:36:06","guid":{"rendered":"https:\/\/leadherskrump.com\/?page_id=120"},"modified":"2019-04-15T01:43:51","modified_gmt":"2019-04-15T01:43:51","slug":"about","status":"publish","type":"page","link":"https:\/\/leadherskrump.com\/fr\/about\/","title":{"rendered":"A-Propos"},"content":{"rendered":"<div data-elementor-type=\"wp-post\" data-elementor-id=\"120\" class=\"elementor elementor-120\" data-elementor-post-type=\"page\">\n\t\t\t\t\t\t<section class=\"elementor-section elementor-top-section elementor-element elementor-element-2d2f055e elementor-section-full_width elementor-section-content-middle elementor-section-height-default elementor-section-height-default\" data-id=\"2d2f055e\" data-element_type=\"section\" data-e-type=\"section\" data-settings=\"{&quot;background_background&quot;:&quot;classic&quot;}\">\n\t\t\t\t\t\t<div class=\"elementor-container elementor-column-gap-no\">\n\t\t\t\t\t<div class=\"elementor-column elementor-col-50 elementor-top-column elementor-element elementor-element-16e626bd elementor-invisible\" data-id=\"16e626bd\" data-element_type=\"column\" data-e-type=\"column\" data-settings=\"{&quot;background_background&quot;:&quot;classic&quot;,&quot;animation&quot;:&quot;fadeIn&quot;}\">\n\t\t\t<div class=\"elementor-widget-wrap elementor-element-populated\">\n\t\t\t\t\t<div class=\"elementor-background-overlay\"><\/div>\n\t\t\t\t\t\t<div class=\"elementor-element elementor-element-169572e4 elementor-widget elementor-widget-heading\" data-id=\"169572e4\" data-element_type=\"widget\" data-e-type=\"widget\" data-widget_type=\"heading.default\">\n\t\t\t\t<div class=\"elementor-widget-container\">\n\t\t\t\t\t<h1 class=\"elementor-heading-title elementor-size-default\">A-Propos<\/h1>\t\t\t\t<\/div>\n\t\t\t\t<\/div>\n\t\t\t\t\t<\/div>\n\t\t<\/div>\n\t\t\t\t<div class=\"elementor-column elementor-col-50 elementor-top-column elementor-element elementor-element-5acc0cd1 animated-slow elementor-invisible\" data-id=\"5acc0cd1\" data-element_type=\"column\" data-e-type=\"column\" data-settings=\"{&quot;animation&quot;:&quot;fadeIn&quot;}\">\n\t\t\t<div class=\"elementor-widget-wrap elementor-element-populated\">\n\t\t\t\t\t\t<div class=\"elementor-element elementor-element-1f0c29d1 elementor-widget elementor-widget-text-editor\" data-id=\"1f0c29d1\" data-element_type=\"widget\" data-e-type=\"widget\" data-widget_type=\"text-editor.default\">\n\t\t\t\t<div class=\"elementor-widget-container\">\n\t\t\t\t\t\t\t\t\t<p>LeadHers est un programme \u00e9ducatif et artistique promouvant le Krump \u00e0 travers Montr\u00e9al, le Qu\u00e9bec, le Canada. Il a pour mission d\u2019utiliser le Krump comme outil d\u2019exploration et d\u00e9veloppement de la force mentale et physique aupr\u00e8s des jeunes filles et femmes \u00e0 travers diverses activit\u00e9s de formation, mentorat, cr\u00e9ation, m\u00e9diation culturelle et conf\u00e9rence...<\/p>\t\t\t\t\t\t\t\t<\/div>\n\t\t\t\t<\/div>\n\t\t\t\t<div class=\"elementor-element elementor-element-2ea8f986 elementor-widget elementor-widget-text-editor\" data-id=\"2ea8f986\" data-element_type=\"widget\" data-e-type=\"widget\" data-widget_type=\"text-editor.default\">\n\t\t\t\t<div class=\"elementor-widget-container\">\n\t\t\t\t\t\t\t\t\tLe mouvement Krump \u00e9tant encore domin\u00e9 par les hommes, LeadHers cherche par son implication et ses activit\u00e9s, \u00e0 rendre la danse accessible, visible et notoire en particulier aupr\u00e8s des filles et des femmes et POUR les filles et les femmes. L'approche LeadHers veut \u00e9galement promouvoir les bienfaits physiques, psychologiques et sociaux de cette danse : elle s\u2019adapte aux diff\u00e9rents environnements dans lesquels les filles et les femmes \u00e9voluent leur offrant ainsi les outils dont elles ont besoin pour exceller et cr\u00e9er des r\u00e9percussions positives \u00e0 plusieurs niveaux dans leur vie personnelle et professionnelle et ce, \u00e0 travers l\u2019exp\u00e9rience du Krump.\t\t\t\t\t\t\t\t<\/div>\n\t\t\t\t<\/div>\n\t\t\t\t<div class=\"elementor-element elementor-element-fd672fc elementor-widget elementor-widget-text-editor\" data-id=\"fd672fc\" data-element_type=\"widget\" data-e-type=\"widget\" data-widget_type=\"text-editor.default\">\n\t\t\t\t<div class=\"elementor-widget-container\">\n\t\t\t\t\t\t\t\t\t<p>LeadHers se base sur des valeurs et principes qui incitent au d\u00e9veloppement et expression du plein potentiel, \u00e0 la r\u00e9ussite, au bien-\u00eatre. \nDes valeurs comme : la discipline, la pers\u00e9v\u00e9rance, le courage, le d\u00e9passement de soi, l\u2019autonomie, le respect, le travail d\u2019\u00e9quipe, l\u2019expression personnelle.<\/p>\t\t\t\t\t\t\t\t<\/div>\n\t\t\t\t<\/div>\n\t\t\t\t\t<\/div>\n\t\t<\/div>\n\t\t\t\t\t<\/div>\n\t\t<\/section>\n\t\t\t\t<section class=\"elementor-section elementor-top-section elementor-element elementor-element-2a7a739 animated-slow elementor-section-boxed elementor-section-height-default elementor-section-height-default elementor-invisible\" data-id=\"2a7a739\" data-element_type=\"section\" data-e-type=\"section\" data-settings=\"{&quot;background_background&quot;:&quot;classic&quot;,&quot;animation&quot;:&quot;fadeInUp&quot;,&quot;animation_delay&quot;:750}\">\n\t\t\t\t\t\t<div class=\"elementor-container elementor-column-gap-default\">\n\t\t\t\t\t<div class=\"elementor-column elementor-col-100 elementor-top-column elementor-element elementor-element-d259ae3\" data-id=\"d259ae3\" data-element_type=\"column\" data-e-type=\"column\">\n\t\t\t<div class=\"elementor-widget-wrap elementor-element-populated\">\n\t\t\t\t\t\t<div class=\"elementor-element elementor-element-bcd1068 elementor-widget elementor-widget-video\" data-id=\"bcd1068\" data-element_type=\"widget\" data-e-type=\"widget\" data-settings=\"{&quot;youtube_url&quot;:&quot;https:\\\/\\\/youtu.be\\\/y1Sss11zI8g&quot;,&quot;yt_privacy&quot;:&quot;yes&quot;,&quot;video_type&quot;:&quot;youtube&quot;,&quot;controls&quot;:&quot;yes&quot;}\" data-widget_type=\"video.default\">\n\t\t\t\t<div class=\"elementor-widget-container\">\n\t\t\t\t\t\t\t<div class=\"elementor-wrapper elementor-open-inline\">\n\t\t\t<div class=\"elementor-video\"><\/div>\t\t<\/div>\n\t\t\t\t\t\t<\/div>\n\t\t\t\t<\/div>\n\t\t\t\t\t<\/div>\n\t\t<\/div>\n\t\t\t\t\t<\/div>\n\t\t<\/section>\n\t\t\t\t<section class=\"elementor-section elementor-top-section elementor-element elementor-element-8b978e3 elementor-section-full_width elementor-section-content-middle elementor-reverse-tablet elementor-reverse-mobile elementor-section-height-default elementor-section-height-default\" data-id=\"8b978e3\" data-element_type=\"section\" data-e-type=\"section\" data-settings=\"{&quot;background_background&quot;:&quot;classic&quot;}\">\n\t\t\t\t\t\t<div class=\"elementor-container elementor-column-gap-no\">\n\t\t\t\t\t<div class=\"elementor-column elementor-col-50 elementor-top-column elementor-element elementor-element-43f615d animated-slow elementor-invisible\" data-id=\"43f615d\" data-element_type=\"column\" data-e-type=\"column\" data-settings=\"{&quot;animation&quot;:&quot;fadeInRight&quot;,&quot;animation_delay&quot;:500}\">\n\t\t\t<div class=\"elementor-widget-wrap elementor-element-populated\">\n\t\t\t\t\t\t<div class=\"elementor-element elementor-element-2301000 elementor-widget elementor-widget-text-editor\" data-id=\"2301000\" data-element_type=\"widget\" data-e-type=\"widget\" data-widget_type=\"text-editor.default\">\n\t\t\t\t<div class=\"elementor-widget-container\">\n\t\t\t\t\t\t\t\t\t<p>Val\u00e9rie \u00ab Taminator \u00bb Chartier est une pionni\u00e8re du Krump, une des premi\u00e8res Krumpers f\u00e9minines au Canada.<\/p>\t\t\t\t\t\t\t\t<\/div>\n\t\t\t\t<\/div>\n\t\t\t\t<div class=\"elementor-element elementor-element-6d7e381 elementor-widget elementor-widget-text-editor\" data-id=\"6d7e381\" data-element_type=\"widget\" data-e-type=\"widget\" data-widget_type=\"text-editor.default\">\n\t\t\t\t<div class=\"elementor-widget-container\">\n\t\t\t\t\t\t\t\t\t<p>Elle cumule plus de 30 ans d\u2019exp\u00e9rience en danse et 4 ans en fitness.\nTaminator a constat\u00e9, tout au long de son parcours, que les femmes sont une minorit\u00e9 \u00e0 pratiquer le Krump. Par cons\u00e9quent, elle a commenc\u00e9 \u00e0 analyser les raisons possibles de cette situation, reconnaissant entres autres que souvent la peur, les pr\u00e9jug\u00e9s, une perception erron\u00e9e de soi, sont parmi les raisons qui emp\u00eachent souvent les femmes de s'impliquer davantage dans le Krump ou de s\u2019y \u00e9panouir pleinement, sans oublier les fausses id\u00e9es re\u00e7ues sur la danse elle-m\u00eame.<\/p><p>Elle a d\u2019abord, en 2011, cr\u00e9\u00e9 le tout premier \u00ab crew \u00bb exclusivement f\u00e9minin de Krump au Canada : BuckSwans, cherchant principalement \u00e0 \u00eatre un mod\u00e8le et pousser le Krump aupr\u00e8s des filles et des femmes avec performances, pr\u00e9sences en comp\u00e9tition et par le mentorat. Puis, elle a d\u00e9cid\u00e9 de cr\u00e9er une approche d\u2019enseignement de la danse d\u00e9di\u00e9e aux filles et aux femmes, ciblant \u00e0 la fois les difficult\u00e9s physiques et mentales auxquelles ces derni\u00e8res pourraient faire face lors de l\u2019apprentissage, tout en leur permettant de cultiver leur confiance en soi et apprendre une \u00e9thique professionnelle en danse.<\/p><p>\u00c0 travers son cheminement, exp\u00e9rience et rencontres, elle a constat\u00e9 que la danse en tant que telle, th\u00e9rapeutique, peut \u00eatre b\u00e9n\u00e9fique \u00e0 une client\u00e8le m\u00eame \u00e0 l\u2019ext\u00e9rieure de la danse.<\/p>\t\t\t\t\t\t\t\t<\/div>\n\t\t\t\t<\/div>\n\t\t\t\t\t<\/div>\n\t\t<\/div>\n\t\t\t\t<div class=\"elementor-column elementor-col-50 elementor-top-column elementor-element elementor-element-47a4b6e elementor-invisible\" data-id=\"47a4b6e\" data-element_type=\"column\" data-e-type=\"column\" data-settings=\"{&quot;background_background&quot;:&quot;classic&quot;,&quot;animation&quot;:&quot;fadeIn&quot;}\">\n\t\t\t<div class=\"elementor-widget-wrap elementor-element-populated\">\n\t\t\t\t\t<div class=\"elementor-background-overlay\"><\/div>\n\t\t\t\t\t\t<div class=\"elementor-element elementor-element-e8255dd elementor-widget elementor-widget-heading\" data-id=\"e8255dd\" data-element_type=\"widget\" data-e-type=\"widget\" data-widget_type=\"heading.default\">\n\t\t\t\t<div class=\"elementor-widget-container\">\n\t\t\t\t\t<h2 class=\"elementor-heading-title elementor-size-default\">Histoire de LeadHers<\/h2>\t\t\t\t<\/div>\n\t\t\t\t<\/div>\n\t\t\t\t\t<\/div>\n\t\t<\/div>\n\t\t\t\t\t<\/div>\n\t\t<\/section>\n\t\t\t\t<section class=\"elementor-section elementor-top-section elementor-element elementor-element-3ee668a elementor-section-full_width elementor-section-height-default elementor-section-height-default\" data-id=\"3ee668a\" data-element_type=\"section\" data-e-type=\"section\">\n\t\t\t\t\t\t<div class=\"elementor-container elementor-column-gap-default\">\n\t\t\t\t\t<div class=\"elementor-column elementor-col-100 elementor-top-column elementor-element elementor-element-a1b6529\" data-id=\"a1b6529\" data-element_type=\"column\" data-e-type=\"column\" data-settings=\"{&quot;background_background&quot;:&quot;classic&quot;}\">\n\t\t\t<div class=\"elementor-widget-wrap elementor-element-populated\">\n\t\t\t\t\t<div class=\"elementor-background-overlay\"><\/div>\n\t\t\t\t\t\t<div class=\"elementor-element elementor-element-cd67349 animated-slow elementor-invisible elementor-widget elementor-widget-heading\" data-id=\"cd67349\" data-element_type=\"widget\" data-e-type=\"widget\" data-settings=\"{&quot;_animation&quot;:&quot;fadeIn&quot;}\" data-widget_type=\"heading.default\">\n\t\t\t\t<div class=\"elementor-widget-container\">\n\t\t\t\t\t<h2 class=\"elementor-heading-title elementor-size-default\">Le Krump-origines et histoire<\/h2>\t\t\t\t<\/div>\n\t\t\t\t<\/div>\n\t\t\t\t<section class=\"elementor-section elementor-inner-section elementor-element elementor-element-7f7937c animated-slow elementor-section-boxed elementor-section-height-default elementor-section-height-default elementor-invisible\" data-id=\"7f7937c\" data-element_type=\"section\" data-e-type=\"section\" data-settings=\"{&quot;animation&quot;:&quot;fadeIn&quot;}\">\n\t\t\t\t\t\t<div class=\"elementor-container elementor-column-gap-default\">\n\t\t\t\t\t<div class=\"elementor-column elementor-col-100 elementor-inner-column elementor-element elementor-element-0bd4ded\" data-id=\"0bd4ded\" data-element_type=\"column\" data-e-type=\"column\" data-settings=\"{&quot;background_background&quot;:&quot;classic&quot;}\">\n\t\t\t<div class=\"elementor-widget-wrap elementor-element-populated\">\n\t\t\t\t\t\t<div class=\"elementor-element elementor-element-17f95ac elementor-widget elementor-widget-text-editor\" data-id=\"17f95ac\" data-element_type=\"widget\" data-e-type=\"widget\" data-widget_type=\"text-editor.default\">\n\t\t\t\t<div class=\"elementor-widget-container\">\n\t\t\t\t\t\t\t\t\t<p>Le Krump est un style de danse n\u00e9 au d\u00e9but des ann\u00e9es 2000, dans les quartiers d\u00e9favoris\u00e9s de Los Angeles. Les deux cr\u00e9ateurs, Ceasare \u00ab Tight Eyez \u00bb LaRon Willis et Jo\u2019Artis \u00ab Mijo \u00bb Ratti, faisaient d\u2019abord partie, comme d\u2019autres v\u00e9t\u00e9rans de la danse, d\u2019un mouvement appel\u00e9 \u00ab Clowning \u00bb, fond\u00e9 en 1992 par Thomas Johson alias \u00ab Tommy the Clown \u00bb.<\/p>\t\t\t\t\t\t\t\t<\/div>\n\t\t\t\t<\/div>\n\t\t\t\t<div class=\"elementor-element elementor-element-b283b23 elementor-widget elementor-widget-text-editor\" data-id=\"b283b23\" data-element_type=\"widget\" data-e-type=\"widget\" data-widget_type=\"text-editor.default\">\n\t\t\t\t<div class=\"elementor-widget-container\">\n\t\t\t\t\t\t\t\t\t<p>Ce mouvement avait pour but de divertir les jeunes durant les f\u00eates d\u2019enfants, de quartier, dans les \u00e9coles et les centres communautaires. Les danseurs usaient de mouvements \u00e9nerg\u00e9tiques et amusants. Toutefois, il vint un moment o\u00f9 cette danse ne correspondait plus \u00e0 ce que certains voulaient et avaient besoin d\u2019exprimer. Tight Eyez et Mijo d\u00e9cid\u00e8rent, avec la contribution et pr\u00e9sence de certains autres danseurs comme Miss Prissy, Lil C, Slayer, JSmoove, Daisy de cr\u00e9er leur propre langage, plus agressif et puissant, basant son essence dans l\u2019expression pure d\u2019\u00e9motions \u00e0 travers des mouvements de bases techniques. De l\u00e0 est \u00e9galement n\u00e9 le premier \u00ab crew \u00bb de Krump : Cartoonz. L\u2019\u00e9mergence de ce style est racont\u00e9 dans le film-documentaire Rize, r\u00e9alis\u00e9 par David Lachapelle. <br \/>Le Krump est une danse freestyle \u00e0 haute intensit\u00e9 d\u2019\u00e9nergie qui requiert force, contr\u00f4le, puissance et l\u2019engagement \u00e0 l\u2019expression d\u2019\u00e9motions pures et authentiques. Puisant dans une grande et solide base de mouvements techniques propres au style, les danseurs les utilisent \u00e0 travers un alter ego. \u00c0 premi\u00e8re vue, plusieurs peuvent interpr\u00e9ter les mouvements et les expressions faciales comme \u00e9tant reli\u00e9s \u00e0 l\u2019agressivit\u00e9, la col\u00e8re voire m\u00eame la rage. Mais on s\u2019aper\u00e7oit que ce n\u2019est que l\u2019expression de la passion et le total engagement physique et mental qui en est la source. Plus qu\u2019un style de danse, le Krump est une culture en soi : musique, code vestimentaire, etc. Des \u00e9l\u00e9ments importants font partie de cette culture : les \u00ab sessions \u00bb, le \u00ab battles \u00bb, les \u00ab labbs \u00bb (pratiques) sont des piliers du style car il est n\u00e9 de ceux-ci. \u00c0 ses tout d\u00e9buts, le Krump avait m\u00eame une connotation religieuse d\u2019o\u00f9 son acronyme K.R.U.M.P : Kingdom, Radically, Migthy, Praise. Le Krump est rest\u00e9 longtemps underground : les gens avaient acc\u00e8s \u00e0 l\u2019information qu\u2019\u00e0 travers une s\u00e9rie de dvd instructifs faits par les cr\u00e9ateurs et v\u00e9t\u00e9rans.<br \/>veterans.<\/p>\t\t\t\t\t\t\t\t<\/div>\n\t\t\t\t<\/div>\n\t\t\t\t<div class=\"elementor-element elementor-element-95823c6 elementor-widget elementor-widget-text-editor\" data-id=\"95823c6\" data-element_type=\"widget\" data-e-type=\"widget\" data-widget_type=\"text-editor.default\">\n\t\t\t\t<div class=\"elementor-widget-container\">\n\t\t\t\t\t\t\t\t\t<p>Depuis sa cr\u00e9ation, on remarque qu\u2019il n\u2019y a pas beaucoup de femmes faisant partie du mouvement. Malgr\u00e9 tout, certaines ont laiss\u00e9 leur marque, influenc\u00e9 et inspir\u00e9 le mouvement et celles qui maintenant pousse la culture : Daisy, Miss Prissy, Queen B, Storm, ChooChoo entre autres, \u00e9taient de celles de la 1\u00e8re g\u00e9n\u00e9ration ayant marqu\u00e9 le mouvement Krump et le mouvement f\u00e9minin.<\/p>\t\t\t\t\t\t\t\t<\/div>\n\t\t\t\t<\/div>\n\t\t\t\t\t<\/div>\n\t\t<\/div>\n\t\t\t\t\t<\/div>\n\t\t<\/section>\n\t\t\t\t\t<\/div>\n\t\t<\/div>\n\t\t\t\t\t<\/div>\n\t\t<\/section>\n\t\t\t\t<\/div>","protected":false},"excerpt":{"rendered":"<p>About LeadHers is an educational and artistic program that promotes Krump throughout Montreal, Quebec, and Canada. It has the mission to use Krump as a tool to explore and develop girls and women\u2019s mental and physical strength through different activities such as workshops, mentorship, creation, cultural mediation and conferences. The Krump movement is still male-dominated: [&hellip;]<\/p>\n","protected":false},"author":1,"featured_media":0,"parent":0,"menu_order":0,"comment_status":"closed","ping_status":"closed","template":"elementor_header_footer","meta":{"site-sidebar-layout":"no-sidebar","site-content-layout":"page-builder","ast-site-content-layout":"default","site-content-style":"default","site-sidebar-style":"default","ast-global-header-display":"","ast-banner-title-visibility":"","ast-main-header-display":"","ast-hfb-above-header-display":"","ast-hfb-below-header-display":"","ast-hfb-mobile-header-display":"","site-post-title":"disabled","ast-breadcrumbs-content":"","ast-featured-img":"disabled","footer-sml-layout":"","ast-disable-related-posts":"","theme-transparent-header-meta":"default","adv-header-id-meta":"","stick-header-meta":"","header-above-stick-meta":"","header-main-stick-meta":"","header-below-stick-meta":"","astra-migrate-meta-layouts":"default","ast-page-background-enabled":"default","ast-page-background-meta":{"desktop":{"background-color":"","background-image":"","background-repeat":"repeat","background-position":"center center","background-size":"auto","background-attachment":"scroll","background-type":"","background-media":"","overlay-type":"","overlay-color":"","overlay-opacity":"","overlay-gradient":""},"tablet":{"background-color":"","background-image":"","background-repeat":"repeat","background-position":"center center","background-size":"auto","background-attachment":"scroll","background-type":"","background-media":"","overlay-type":"","overlay-color":"","overlay-opacity":"","overlay-gradient":""},"mobile":{"background-color":"","background-image":"","background-repeat":"repeat","background-position":"center center","background-size":"auto","background-attachment":"scroll","background-type":"","background-media":"","overlay-type":"","overlay-color":"","overlay-opacity":"","overlay-gradient":""}},"ast-content-background-meta":{"desktop":{"background-color":"var(--ast-global-color-5)","background-image":"","background-repeat":"repeat","background-position":"center center","background-size":"auto","background-attachment":"scroll","background-type":"","background-media":"","overlay-type":"","overlay-color":"","overlay-opacity":"","overlay-gradient":""},"tablet":{"background-color":"var(--ast-global-color-5)","background-image":"","background-repeat":"repeat","background-position":"center center","background-size":"auto","background-attachment":"scroll","background-type":"","background-media":"","overlay-type":"","overlay-color":"","overlay-opacity":"","overlay-gradient":""},"mobile":{"background-color":"var(--ast-global-color-5)","background-image":"","background-repeat":"repeat","background-position":"center center","background-size":"auto","background-attachment":"scroll","background-type":"","background-media":"","overlay-type":"","overlay-color":"","overlay-opacity":"","overlay-gradient":""}},"footnotes":""},"class_list":["post-120","page","type-page","status-publish","hentry"],"_links":{"self":[{"href":"https:\/\/leadherskrump.com\/fr\/wp-json\/wp\/v2\/pages\/120","targetHints":{"allow":["GET"]}}],"collection":[{"href":"https:\/\/leadherskrump.com\/fr\/wp-json\/wp\/v2\/pages"}],"about":[{"href":"https:\/\/leadherskrump.com\/fr\/wp-json\/wp\/v2\/types\/page"}],"author":[{"embeddable":true,"href":"https:\/\/leadherskrump.com\/fr\/wp-json\/wp\/v2\/users\/1"}],"replies":[{"embeddable":true,"href":"https:\/\/leadherskrump.com\/fr\/wp-json\/wp\/v2\/comments?post=120"}],"version-history":[{"count":3,"href":"https:\/\/leadherskrump.com\/fr\/wp-json\/wp\/v2\/pages\/120\/revisions"}],"predecessor-version":[{"id":1027,"href":"https:\/\/leadherskrump.com\/fr\/wp-json\/wp\/v2\/pages\/120\/revisions\/1027"}],"wp:attachment":[{"href":"https:\/\/leadherskrump.com\/fr\/wp-json\/wp\/v2\/media?parent=120"}],"curies":[{"name":"wp","href":"https:\/\/api.w.org\/{rel}","templated":true}]}}