{"id":2637,"date":"2022-01-26T03:04:22","date_gmt":"2022-01-26T03:04:22","guid":{"rendered":"https:\/\/leadherskrump.com\/?page_id=2637"},"modified":"2022-06-12T15:31:01","modified_gmt":"2022-06-12T15:31:01","slug":"leadhers-clothing","status":"publish","type":"page","link":"https:\/\/leadherskrump.com\/fr\/leadhers-clothing\/","title":{"rendered":"LEADHERS CLOTHING"},"content":{"rendered":"<div data-elementor-type=\"wp-post\" data-elementor-id=\"2637\" class=\"elementor elementor-2637\" data-elementor-post-type=\"page\">\n\t\t\t\t\t\t<section class=\"elementor-section elementor-top-section elementor-element elementor-element-2d2f055e elementor-section-full_width elementor-section-content-middle elementor-section-height-default elementor-section-height-default\" data-id=\"2d2f055e\" data-element_type=\"section\" data-settings=\"{&quot;background_background&quot;:&quot;classic&quot;}\">\n\t\t\t\t\t\t<div class=\"elementor-container elementor-column-gap-no\">\n\t\t\t\t\t<div class=\"elementor-column elementor-col-50 elementor-top-column elementor-element elementor-element-16e626bd elementor-invisible\" data-id=\"16e626bd\" data-element_type=\"column\" data-settings=\"{&quot;animation&quot;:&quot;fadeIn&quot;}\">\n\t\t\t<div class=\"elementor-widget-wrap elementor-element-populated\">\n\t\t\t\t\t<div class=\"elementor-background-overlay\"><\/div>\n\t\t\t\t\t\t<div class=\"elementor-element elementor-element-a834776 elementor-widget elementor-widget-image\" data-id=\"a834776\" data-element_type=\"widget\" data-settings=\"{&quot;sticky&quot;:&quot;top&quot;,&quot;sticky_on&quot;:[&quot;desktop&quot;,&quot;tablet&quot;],&quot;sticky_offset&quot;:40,&quot;sticky_parent&quot;:&quot;yes&quot;,&quot;sticky_effects_offset&quot;:0,&quot;sticky_anchor_link_offset&quot;:0}\" data-widget_type=\"image.default\">\n\t\t\t\t<div class=\"elementor-widget-container\">\n\t\t\t\t\t\t\t\t\t\t\t\t\t\t\t<img fetchpriority=\"high\" decoding=\"async\" width=\"1024\" height=\"1024\" src=\"https:\/\/leadherskrump.com\/wp-content\/uploads\/2022\/06\/CLOTHING-Publication-Instagram-1024x1024.jpg\" class=\"attachment-large size-large wp-image-2824\" alt=\"\" srcset=\"https:\/\/leadherskrump.com\/wp-content\/uploads\/2022\/06\/CLOTHING-Publication-Instagram-1024x1024.jpg 1024w, https:\/\/leadherskrump.com\/wp-content\/uploads\/2022\/06\/CLOTHING-Publication-Instagram-300x300.jpg 300w, https:\/\/leadherskrump.com\/wp-content\/uploads\/2022\/06\/CLOTHING-Publication-Instagram-100x100.jpg 100w, https:\/\/leadherskrump.com\/wp-content\/uploads\/2022\/06\/CLOTHING-Publication-Instagram-600x600.jpg 600w, https:\/\/leadherskrump.com\/wp-content\/uploads\/2022\/06\/CLOTHING-Publication-Instagram-150x150.jpg 150w, https:\/\/leadherskrump.com\/wp-content\/uploads\/2022\/06\/CLOTHING-Publication-Instagram-768x768.jpg 768w, https:\/\/leadherskrump.com\/wp-content\/uploads\/2022\/06\/CLOTHING-Publication-Instagram-12x12.jpg 12w, https:\/\/leadherskrump.com\/wp-content\/uploads\/2022\/06\/CLOTHING-Publication-Instagram.jpg 1080w\" sizes=\"(max-width: 1024px) 100vw, 1024px\" \/>\t\t\t\t\t\t\t\t\t\t\t\t\t\t\t<\/div>\n\t\t\t\t<\/div>\n\t\t\t\t\t<\/div>\n\t\t<\/div>\n\t\t\t\t<div class=\"elementor-column elementor-col-50 elementor-top-column elementor-element elementor-element-5acc0cd1 animated-slow elementor-invisible\" data-id=\"5acc0cd1\" data-element_type=\"column\" data-settings=\"{&quot;animation&quot;:&quot;fadeIn&quot;}\">\n\t\t\t<div class=\"elementor-widget-wrap elementor-element-populated\">\n\t\t\t\t\t\t<div class=\"elementor-element elementor-element-ab9c410 elementor-widget elementor-widget-heading\" data-id=\"ab9c410\" data-element_type=\"widget\" data-widget_type=\"heading.default\">\n\t\t\t\t<div class=\"elementor-widget-container\">\n\t\t\t\t\t<h1 class=\"elementor-heading-title elementor-size-default\">LEADHERS CLOTHING<\/h1>\t\t\t\t<\/div>\n\t\t\t\t<\/div>\n\t\t\t\t<div class=\"elementor-element elementor-element-72c8628 elementor-widget elementor-widget-heading\" data-id=\"72c8628\" data-element_type=\"widget\" data-widget_type=\"heading.default\">\n\t\t\t\t<div class=\"elementor-widget-container\">\n\t\t\t\t\t<h3 class=\"elementor-heading-title elementor-size-default\">Qu\u2019est-ce que c\u2019est?<\/h3>\t\t\t\t<\/div>\n\t\t\t\t<\/div>\n\t\t\t\t<div class=\"elementor-element elementor-element-1f0c29d1 elementor-widget elementor-widget-text-editor\" data-id=\"1f0c29d1\" data-element_type=\"widget\" data-widget_type=\"text-editor.default\">\n\t\t\t\t<div class=\"elementor-widget-container\">\n\t\t\t\t\t\t\t\t\tLeadHers Clothing est une marque de l\u2019organisation LeadHers. La ligne de v\u00eatements est pour\nles femmes, hommes, Krumpers, danseurs, non-Krumpers, non-danseurs\u2026c\u2019est pour tous les\ngens qui recherchent des v\u00eatements confortables et significatifs. La particularit\u00e9 de la marque est de souligner soigneusement les v\u00eatements avec les fondations, principes et valeurs que LeadHers met de l\u2019avant dans son approche \u00e9ducative et artistique. Une inspirante citation comme un \u00abm\u00e9mo\u00a0\u00bb, un mantra, un rappel parfois, impr\u00e9gn\u00e9s sur les v\u00eatements inspirant et encourageant \u00e0 une meilleure version de soi, \u00e0 une meilleure version de sa vie.\t\t\t\t\t\t\t\t<\/div>\n\t\t\t\t<\/div>\n\t\t\t\t<div class=\"elementor-element elementor-element-5a367a9 elementor-widget elementor-widget-heading\" data-id=\"5a367a9\" data-element_type=\"widget\" data-widget_type=\"heading.default\">\n\t\t\t\t<div class=\"elementor-widget-container\">\n\t\t\t\t\t<h3 class=\"elementor-heading-title elementor-size-default\">Comment \u00e7a marche?<\/h3>\t\t\t\t<\/div>\n\t\t\t\t<\/div>\n\t\t\t\t<div class=\"elementor-element elementor-element-2ea8f986 elementor-widget elementor-widget-text-editor\" data-id=\"2ea8f986\" data-element_type=\"widget\" data-widget_type=\"text-editor.default\">\n\t\t\t\t<div class=\"elementor-widget-container\">\n\t\t\t\t\t\t\t\t\t<p>LeadHers Clothing has 2 models in store for you! All models are unisex. The pieces are unique, comfortable, causal, with an inspiring quote.\u00a0<br \/>Go shop and choose your option to get your purchase (pick up, delivery, shipping).<br \/>Voyez tous les d\u00e9tails pour les frais de livraison dans la zone de magasinage.<br \/>Shipping available for Canada, USA, and some International zones<\/p><p>STAY TUNED FOR MORE TO COME!\u00a0<\/p>\t\t\t\t\t\t\t\t<\/div>\n\t\t\t\t<\/div>\n\t\t\t\t\t<\/div>\n\t\t<\/div>\n\t\t\t\t\t<\/div>\n\t\t<\/section>\n\t\t\t\t<\/div>","protected":false},"excerpt":{"rendered":"<p>LEADHERS CLOTHING What is it? LeadHers Clothing is a brand from the LeadHers organization. The line of clothes is for women, men, Krumpers, dancers, non-Krumpers, non-dancers\u2026it is for everyone that is looking for comfortable and meaningful clothing. The particularity of the brand is to highlight the clothes with the foundations, principles and values that LeadHers [&hellip;]<\/p>","protected":false},"author":1,"featured_media":0,"parent":0,"menu_order":0,"comment_status":"closed","ping_status":"closed","template":"elementor_header_footer","meta":{"site-sidebar-layout":"no-sidebar","site-content-layout":"page-builder","ast-site-content-layout":"default","site-content-style":"default","site-sidebar-style":"default","ast-global-header-display":"","ast-banner-title-visibility":"","ast-main-header-display":"","ast-hfb-above-header-display":"","ast-hfb-below-header-display":"","ast-hfb-mobile-header-display":"","site-post-title":"disabled","ast-breadcrumbs-content":"","ast-featured-img":"disabled","footer-sml-layout":"","ast-disable-related-posts":"","theme-transparent-header-meta":"default","adv-header-id-meta":"","stick-header-meta":"","header-above-stick-meta":"","header-main-stick-meta":"","header-below-stick-meta":"","astra-migrate-meta-layouts":"default","ast-page-background-enabled":"default","ast-page-background-meta":{"desktop":{"background-color":"","background-image":"","background-repeat":"repeat","background-position":"center center","background-size":"auto","background-attachment":"scroll","background-type":"","background-media":"","overlay-type":"","overlay-color":"","overlay-opacity":"","overlay-gradient":""},"tablet":{"background-color":"","background-image":"","background-repeat":"repeat","background-position":"center center","background-size":"auto","background-attachment":"scroll","background-type":"","background-media":"","overlay-type":"","overlay-color":"","overlay-opacity":"","overlay-gradient":""},"mobile":{"background-color":"","background-image":"","background-repeat":"repeat","background-position":"center center","background-size":"auto","background-attachment":"scroll","background-type":"","background-media":"","overlay-type":"","overlay-color":"","overlay-opacity":"","overlay-gradient":""}},"ast-content-background-meta":{"desktop":{"background-color":"var(--ast-global-color-5)","background-image":"","background-repeat":"repeat","background-position":"center center","background-size":"auto","background-attachment":"scroll","background-type":"","background-media":"","overlay-type":"","overlay-color":"","overlay-opacity":"","overlay-gradient":""},"tablet":{"background-color":"var(--ast-global-color-5)","background-image":"","background-repeat":"repeat","background-position":"center center","background-size":"auto","background-attachment":"scroll","background-type":"","background-media":"","overlay-type":"","overlay-color":"","overlay-opacity":"","overlay-gradient":""},"mobile":{"background-color":"var(--ast-global-color-5)","background-image":"","background-repeat":"repeat","background-position":"center center","background-size":"auto","background-attachment":"scroll","background-type":"","background-media":"","overlay-type":"","overlay-color":"","overlay-opacity":"","overlay-gradient":""}},"footnotes":""},"class_list":["post-2637","page","type-page","status-publish","hentry"],"_links":{"self":[{"href":"https:\/\/leadherskrump.com\/fr\/wp-json\/wp\/v2\/pages\/2637","targetHints":{"allow":["GET"]}}],"collection":[{"href":"https:\/\/leadherskrump.com\/fr\/wp-json\/wp\/v2\/pages"}],"about":[{"href":"https:\/\/leadherskrump.com\/fr\/wp-json\/wp\/v2\/types\/page"}],"author":[{"embeddable":true,"href":"https:\/\/leadherskrump.com\/fr\/wp-json\/wp\/v2\/users\/1"}],"replies":[{"embeddable":true,"href":"https:\/\/leadherskrump.com\/fr\/wp-json\/wp\/v2\/comments?post=2637"}],"version-history":[{"count":70,"href":"https:\/\/leadherskrump.com\/fr\/wp-json\/wp\/v2\/pages\/2637\/revisions"}],"predecessor-version":[{"id":2833,"href":"https:\/\/leadherskrump.com\/fr\/wp-json\/wp\/v2\/pages\/2637\/revisions\/2833"}],"wp:attachment":[{"href":"https:\/\/leadherskrump.com\/fr\/wp-json\/wp\/v2\/media?parent=2637"}],"curies":[{"name":"wp","href":"https:\/\/api.w.org\/{rel}","templated":true}]}}